{"id":84,"date":"2023-11-10T15:24:09","date_gmt":"2023-11-10T14:24:09","guid":{"rendered":"https:\/\/www.steam4girls.com\/tr\/?page_id=84"},"modified":"2024-10-18T12:23:48","modified_gmt":"2024-10-18T10:23:48","slug":"about-project","status":"publish","type":"page","link":"https:\/\/www.steam4girls.com\/tr\/about-project\/","title":{"rendered":"Proje hakk\u0131nda"},"content":{"rendered":"\t\t<div data-elementor-type=\"wp-page\" data-elementor-id=\"84\" class=\"elementor elementor-84\" data-elementor-post-type=\"page\">\n\t\t\t\t<div class=\"wd-negative-gap elementor-element elementor-element-04d0a53 wd-section-stretch e-flex e-con-boxed e-con e-parent\" data-id=\"04d0a53\" data-element_type=\"container\" data-settings=\"{&quot;background_background&quot;:&quot;classic&quot;}\">\n\t\t\t\t\t<div class=\"e-con-inner\">\n\t\t<div class=\"wd-negative-gap elementor-element elementor-element-806d473 e-flex e-con-boxed e-con e-child\" data-id=\"806d473\" data-element_type=\"container\">\n\t\t\t\t\t<div class=\"e-con-inner\">\n\t\t<div class=\"elementor-element elementor-element-ef3c0ad e-con-full e-flex e-con e-child\" data-id=\"ef3c0ad\" data-element_type=\"container\">\n\t\t\t\t<div class=\"elementor-element elementor-element-78bfd42 elementor-widget elementor-widget-heading\" data-id=\"78bfd42\" data-element_type=\"widget\" data-widget_type=\"heading.default\">\n\t\t\t\t<div class=\"elementor-widget-container\">\n\t\t\t<h2 class=\"elementor-heading-title elementor-size-default\"><span style=\"color: #AA289D\">Proje<\/span> hakk\u0131nda<\/h2>\t\t<\/div>\n\t\t\t\t<\/div>\n\t\t\t\t<div class=\"elementor-element elementor-element-df3b229 color-scheme-inherit text-left elementor-widget elementor-widget-text-editor\" data-id=\"df3b229\" data-element_type=\"widget\" data-widget_type=\"text-editor.default\">\n\t\t\t\t<div class=\"elementor-widget-container\">\n\t\t\t\t\t\t\t<p>Steam4Girls, okul e\u011fitimi alan\u0131nda, temel hedefi \u00e7a\u011fr\u0131n\u0131n kendisi olan bir projedir: bu durumda, 12 ile 18 ya\u015f aras\u0131ndaki okul \u00e7ocuklar\u0131nda, ba\u011flant\u0131l\u0131 alanlar gibi gelece\u011fe y\u00f6nelik alanlarda dijital beceriler ve yeni beceriler geli\u015ftirmek. STEAM teknolojilerine (Bilim, Teknoloji, M\u00fchendislik, Sanat, Matematik).<\/p><p>Ana \u00f6nceli\u011fimiz Kat\u0131l\u0131m ve \u00e7e\u015fitliliktir, \u00e7\u00fcnk\u00fc bu proje, k\u0131zlar\u0131n ve gen\u00e7lerin STEAM kariyerlerine kat\u0131l\u0131m\u0131n\u0131 te\u015fvik etme ve te\u015fvik etme, e\u015fit f\u0131rsatlar\u0131 te\u015fvik etme ve bunlara farkl\u0131 kaynaklar ve e\u011fitim ara\u00e7lar\u0131 arac\u0131l\u0131\u011f\u0131yla eri\u015fimi te\u015fvik etme ihtiyac\u0131ndan kaynaklanmaktad\u0131r. e-\u00f6\u011frenme.<\/p><p>Bu projeyle eri\u015filebilirli\u011fi art\u0131rmak ve STEAM disiplinlerinde genellikle cinsiyet ayr\u0131mc\u0131l\u0131\u011f\u0131na ba\u011fl\u0131 engellerle kar\u015f\u0131la\u015fan bir toplum olan gen\u00e7 kad\u0131nlara ula\u015fmak i\u00e7in \u00f6nlemler almak ve yenilik\u00e7i uygulamalar geli\u015ftirmek istiyoruz.<\/p>\t\t\t\t\t\t<\/div>\n\t\t\t\t<\/div>\n\t\t\t\t<\/div>\n\t\t<div class=\"elementor-element elementor-element-3892d6b e-con-full e-flex e-con e-child\" data-id=\"3892d6b\" data-element_type=\"container\">\n\t\t\t\t<div class=\"elementor-element elementor-element-918c6e2 elementor-widget elementor-widget-image\" data-id=\"918c6e2\" data-element_type=\"widget\" data-widget_type=\"image.default\">\n\t\t\t\t<div class=\"elementor-widget-container\">\n\t\t\t\t\t\t\t\t\t\t\t\t\t<img fetchpriority=\"high\" decoding=\"async\" width=\"922\" height=\"971\" src=\"https:\/\/www.steam4girls.com\/tr\/wp-content\/uploads\/2023\/11\/13-Pro-13.png\" class=\"attachment-full size-full wp-image-86\" alt=\"\" srcset=\"https:\/\/www.steam4girls.com\/tr\/wp-content\/uploads\/2023\/11\/13-Pro-13.png 922w, https:\/\/www.steam4girls.com\/tr\/wp-content\/uploads\/2023\/11\/13-Pro-13-285x300.png 285w, https:\/\/www.steam4girls.com\/tr\/wp-content\/uploads\/2023\/11\/13-Pro-13-768x809.png 768w\" sizes=\"(max-width: 922px) 100vw, 922px\" \/>\t\t\t\t\t\t\t\t\t\t\t\t\t<\/div>\n\t\t\t\t<\/div>\n\t\t\t\t<\/div>\n\t\t\t\t\t<\/div>\n\t\t\t\t<\/div>\n\t\t<div class=\"wd-negative-gap elementor-element elementor-element-3b63d32 e-flex e-con-boxed e-con e-child\" data-id=\"3b63d32\" data-element_type=\"container\">\n\t\t\t\t\t<div class=\"e-con-inner\">\n\t\t<div class=\"elementor-element elementor-element-a1f9401 e-con-full e-flex e-con e-child\" data-id=\"a1f9401\" data-element_type=\"container\" data-settings=\"{&quot;background_background&quot;:&quot;classic&quot;}\">\n\t\t\t\t<div class=\"elementor-element elementor-element-f2ab74d color-scheme-inherit text-left elementor-widget elementor-widget-text-editor\" data-id=\"f2ab74d\" data-element_type=\"widget\" data-widget_type=\"text-editor.default\">\n\t\t\t\t<div class=\"elementor-widget-container\">\n\t\t\t\t\t\t\t<div class=\"elementor-element elementor-element-d2b327c elementor-widget elementor-widget-heading\" data-id=\"d2b327c\" data-element_type=\"widget\" data-widget_type=\"heading.default\"><div class=\"elementor-widget-container\"><div class=\"elementor-element elementor-element-d2b327c elementor-widget elementor-widget-heading\" data-id=\"d2b327c\" data-element_type=\"widget\" data-widget_type=\"heading.default\"><div class=\"elementor-widget-container\"><div class=\"elementor-element elementor-element-d2b327c elementor-widget elementor-widget-heading\" data-id=\"d2b327c\" data-element_type=\"widget\" data-widget_type=\"heading.default\"><div class=\"elementor-widget-container\"><div class=\"elementor-element elementor-element-d2b327c elementor-widget elementor-widget-heading\" data-id=\"d2b327c\" data-element_type=\"widget\" data-widget_type=\"heading.default\"><div class=\"elementor-widget-container\"><div class=\"elementor-element elementor-element-d2b327c elementor-widget elementor-widget-heading\" data-id=\"d2b327c\" data-element_type=\"widget\" data-widget_type=\"heading.default\"><div class=\"elementor-widget-container\"><div class=\"elementor-element elementor-element-d2b327c elementor-widget elementor-widget-heading\" data-id=\"d2b327c\" data-element_type=\"widget\" data-widget_type=\"heading.default\"><div class=\"elementor-widget-container\"><h3>Hedefler:<\/h3><ol><li>Bilimde kad\u0131n\u0131n durumunun anla\u015f\u0131lmas\u0131 yoluyla fark\u0131ndal\u0131k yaratmak.<br \/>\u00d6zellikle gen\u00e7 kad\u0131nlar ve k\u0131zlar aras\u0131nda STEAM alanlar\u0131na y\u00f6nelik fark\u0131ndal\u0131\u011f\u0131 art\u0131rmaya ve ilgiyi art\u0131rmaya yard\u0131mc\u0131 olan e\u011fitim ara\u00e7lar\u0131 olu\u015fturmak.<br \/>Kat\u0131l\u0131mc\u0131lar\u0131 sosyal konular\u0131 anlayarak toplumun aktif \u00fcyeleri olmaya te\u015fvik edin.<br \/>Ara\u015ft\u0131rmada gen\u00e7 kad\u0131nlar\u0131n etkisine odaklan\u0131larak kad\u0131n bilim insanlar\u0131n\u0131n g\u00f6r\u00fcn\u00fcrl\u00fc\u011f\u00fcn\u00fcn artt\u0131r\u0131lmas\u0131<\/li><\/ol><\/div><\/div><\/div><\/div><\/div><\/div><\/div><\/div><\/div><\/div><\/div><\/div>\t\t\t\t\t\t<\/div>\n\t\t\t\t<\/div>\n\t\t\t\t<\/div>\n\t\t\t\t\t<\/div>\n\t\t\t\t<\/div>\n\t\t<div class=\"elementor-element elementor-element-8048af6 e-con-full e-flex e-con e-child\" data-id=\"8048af6\" data-element_type=\"container\">\n\t\t\t\t<div class=\"elementor-element elementor-element-5674878 elementor-widget__width-initial elementor-widget elementor-widget-heading\" data-id=\"5674878\" data-element_type=\"widget\" data-widget_type=\"heading.default\">\n\t\t\t\t<div class=\"elementor-widget-container\">\n\t\t\t<h2 class=\"elementor-heading-title elementor-size-default\">Proje  <span style=\"color: #AA289D\">sonu\u00e7lar\u0131<\/span><\/h2>\t\t<\/div>\n\t\t\t\t<\/div>\n\t\t\t\t<div class=\"elementor-element elementor-element-cca5663 elementor-pagination-type-fraction elementor-pagination-position-outside elementor-widget elementor-widget-n-carousel\" data-id=\"cca5663\" data-element_type=\"widget\" data-settings=\"{&quot;carousel_items&quot;:[{&quot;slide_title&quot;:&quot;Slide #1&quot;,&quot;_id&quot;:&quot;e420c15&quot;},{&quot;slide_title&quot;:&quot;Slide #1&quot;,&quot;_id&quot;:&quot;01f1d66&quot;},{&quot;slide_title&quot;:&quot;Slide #1&quot;,&quot;_id&quot;:&quot;1698e51&quot;}],&quot;pagination&quot;:&quot;fraction&quot;,&quot;slides_to_show&quot;:&quot;3&quot;,&quot;slides_to_show_tablet&quot;:&quot;2&quot;,&quot;slides_to_show_mobile&quot;:&quot;1&quot;,&quot;autoplay&quot;:&quot;yes&quot;,&quot;autoplay_speed&quot;:5000,&quot;pause_on_hover&quot;:&quot;yes&quot;,&quot;pause_on_interaction&quot;:&quot;yes&quot;,&quot;speed&quot;:500,&quot;image_spacing_custom&quot;:{&quot;unit&quot;:&quot;px&quot;,&quot;size&quot;:10,&quot;sizes&quot;:[]},&quot;image_spacing_custom_tablet&quot;:{&quot;unit&quot;:&quot;px&quot;,&quot;size&quot;:&quot;&quot;,&quot;sizes&quot;:[]},&quot;image_spacing_custom_mobile&quot;:{&quot;unit&quot;:&quot;px&quot;,&quot;size&quot;:&quot;&quot;,&quot;sizes&quot;:[]}}\" data-widget_type=\"nested-carousel.default\">\n\t\t\t\t<div class=\"elementor-widget-container\">\n\t\t\t\t\t<div class=\"e-n-carousel swiper\" dir=\"ltr\">\n\t\t\t<div class=\"swiper-wrapper\" aria-live=\"off\">\n\t\t\t\t\t\t\t\t\t\t<div class=\"swiper-slide\" data-slide=\"1\" role=\"group\" aria-roledescription=\"slide\" aria-label=\"1 of 3\">\n\t\t\t\t\t\t\t<div class=\"wd-negative-gap elementor-element elementor-element-e6e302f e-flex e-con-boxed e-con e-child\" data-id=\"e6e302f\" data-element_type=\"container\">\n\t\t\t\t\t<div class=\"e-con-inner\">\n\t\t<div class=\"elementor-element elementor-element-f2a22fb e-con-full e-flex e-con e-child\" data-id=\"f2a22fb\" data-element_type=\"container\" data-settings=\"{&quot;background_background&quot;:&quot;classic&quot;}\">\n\t\t<div class=\"elementor-element elementor-element-ced787b e-con-full e-flex e-con e-child\" data-id=\"ced787b\" data-element_type=\"container\" data-settings=\"{&quot;background_background&quot;:&quot;classic&quot;}\">\n\t\t\t\t<div class=\"elementor-element elementor-element-b3d3bb1 elementor-view-default elementor-widget elementor-widget-icon\" data-id=\"b3d3bb1\" data-element_type=\"widget\" data-widget_type=\"icon.default\">\n\t\t\t\t<div class=\"elementor-widget-container\">\n\t\t\t\t\t<div class=\"elementor-icon-wrapper\">\n\t\t\t<div class=\"elementor-icon\">\n\t\t\t<svg aria-hidden=\"true\" class=\"e-font-icon-svg e-far-play-circle\" viewBox=\"0 0 512 512\" xmlns=\"http:\/\/www.w3.org\/2000\/svg\"><path d=\"M371.7 238l-176-107c-15.8-8.8-35.7 2.5-35.7 21v208c0 18.4 19.8 29.8 35.7 21l176-101c16.4-9.1 16.4-32.8 0-42zM504 256C504 119 393 8 256 8S8 119 8 256s111 248 248 248 248-111 248-248zm-448 0c0-110.5 89.5-200 200-200s200 89.5 200 200-89.5 200-200 200S56 366.5 56 256z\"><\/path><\/svg>\t\t\t<\/div>\n\t\t<\/div>\n\t\t\t\t<\/div>\n\t\t\t\t<\/div>\n\t\t\t\t<div class=\"elementor-element elementor-element-a51219b elementor-widget elementor-widget-heading\" data-id=\"a51219b\" data-element_type=\"widget\" data-widget_type=\"heading.default\">\n\t\t\t\t<div class=\"elementor-widget-container\">\n\t\t\t<h2 class=\"elementor-heading-title elementor-size-default\">Videolar<\/h2>\t\t<\/div>\n\t\t\t\t<\/div>\n\t\t\t\t<div class=\"elementor-element elementor-element-f38f85c elementor-widget elementor-widget-heading\" data-id=\"f38f85c\" data-element_type=\"widget\" data-widget_type=\"heading.default\">\n\t\t\t\t<div class=\"elementor-widget-container\">\n\t\t\t<h2 class=\"elementor-heading-title elementor-size-default\">Dinamik video serimiz arac\u0131l\u0131\u011f\u0131yla bilimdeki kad\u0131nlar\u0131 kutlayan b\u00fcy\u00fcleyici bir g\u00f6rsel yolculu\u011fa kat\u0131l\u0131n!<\/h2>\t\t<\/div>\n\t\t\t\t<\/div>\n\t\t\t\t<div class=\"elementor-element elementor-element-531b720 elementor-align-left elementor-widget elementor-widget-button\" data-id=\"531b720\" data-element_type=\"widget\" data-widget_type=\"button.default\">\n\t\t\t\t<div class=\"elementor-widget-container\">\n\t\t\t\t\t<div class=\"elementor-button-wrapper\">\n\t\t\t<a class=\"elementor-button elementor-button-link elementor-size-lg elementor-animation-float\" href=\"https:\/\/www.steam4girls.com\/tr\/videos\/\">\n\t\t\t\t\t\t<span class=\"elementor-button-content-wrapper\">\n\t\t\t\t\t\t\t\t\t<span class=\"elementor-button-text\">G\u00f6r\u00fc\u015f<\/span>\n\t\t\t\t\t<\/span>\n\t\t\t\t\t<\/a>\n\t\t<\/div>\n\t\t\t\t<\/div>\n\t\t\t\t<\/div>\n\t\t\t\t<\/div>\n\t\t\t\t<\/div>\n\t\t\t\t\t<\/div>\n\t\t\t\t<\/div>\n\t\t\t\t\t\t\t\t<\/div>\n\t\t\t\t\t\t\t\t\t\t\t<div class=\"swiper-slide\" data-slide=\"2\" role=\"group\" aria-roledescription=\"slide\" aria-label=\"2 of 3\">\n\t\t\t\t\t\t\t<div class=\"wd-negative-gap elementor-element elementor-element-38cac73 e-flex e-con-boxed e-con e-child\" data-id=\"38cac73\" data-element_type=\"container\">\n\t\t\t\t\t<div class=\"e-con-inner\">\n\t\t<div class=\"elementor-element elementor-element-0817cac e-con-full e-flex e-con e-child\" data-id=\"0817cac\" data-element_type=\"container\" data-settings=\"{&quot;background_background&quot;:&quot;classic&quot;}\">\n\t\t\t\t<div class=\"elementor-element elementor-element-7c2ca09 elementor-view-default elementor-widget elementor-widget-icon\" data-id=\"7c2ca09\" data-element_type=\"widget\" data-widget_type=\"icon.default\">\n\t\t\t\t<div class=\"elementor-widget-container\">\n\t\t\t\t\t<div class=\"elementor-icon-wrapper\">\n\t\t\t<div class=\"elementor-icon\">\n\t\t\t<svg aria-hidden=\"true\" class=\"e-font-icon-svg e-far-lightbulb\" viewBox=\"0 0 352 512\" xmlns=\"http:\/\/www.w3.org\/2000\/svg\"><path d=\"M176 80c-52.94 0-96 43.06-96 96 0 8.84 7.16 16 16 16s16-7.16 16-16c0-35.3 28.72-64 64-64 8.84 0 16-7.16 16-16s-7.16-16-16-16zM96.06 459.17c0 3.15.93 6.22 2.68 8.84l24.51 36.84c2.97 4.46 7.97 7.14 13.32 7.14h78.85c5.36 0 10.36-2.68 13.32-7.14l24.51-36.84c1.74-2.62 2.67-5.7 2.68-8.84l.05-43.18H96.02l.04 43.18zM176 0C73.72 0 0 82.97 0 176c0 44.37 16.45 84.85 43.56 115.78 16.64 18.99 42.74 58.8 52.42 92.16v.06h48v-.12c-.01-4.77-.72-9.51-2.15-14.07-5.59-17.81-22.82-64.77-62.17-109.67-20.54-23.43-31.52-53.15-31.61-84.14-.2-73.64 59.67-128 127.95-128 70.58 0 128 57.42 128 128 0 30.97-11.24 60.85-31.65 84.14-39.11 44.61-56.42 91.47-62.1 109.46a47.507 47.507 0 0 0-2.22 14.3v.1h48v-.05c9.68-33.37 35.78-73.18 52.42-92.16C335.55 260.85 352 220.37 352 176 352 78.8 273.2 0 176 0z\"><\/path><\/svg>\t\t\t<\/div>\n\t\t<\/div>\n\t\t\t\t<\/div>\n\t\t\t\t<\/div>\n\t\t\t\t<div class=\"elementor-element elementor-element-4615ac6 elementor-widget elementor-widget-heading\" data-id=\"4615ac6\" data-element_type=\"widget\" data-widget_type=\"heading.default\">\n\t\t\t\t<div class=\"elementor-widget-container\">\n\t\t\t<h2 class=\"elementor-heading-title elementor-size-default\">Ka\u00e7\u0131\u015f Oyunlar\u0131<\/h2>\t\t<\/div>\n\t\t\t\t<\/div>\n\t\t\t\t<div class=\"elementor-element elementor-element-8f23d16 elementor-widget elementor-widget-heading\" data-id=\"8f23d16\" data-element_type=\"widget\" data-widget_type=\"heading.default\">\n\t\t\t\t<div class=\"elementor-widget-container\">\n\t\t\t<h2 class=\"elementor-heading-title elementor-size-default\">Bilimde Kad\u0131nlardan Ka\u00e7\u0131\u015f Oyunumuzda bilginin heyecanla bulu\u015ftu\u011fu ola\u011fan\u00fcst\u00fc bir maceraya at\u0131l\u0131n!<\/h2>\t\t<\/div>\n\t\t\t\t<\/div>\n\t\t\t\t<div class=\"elementor-element elementor-element-8042729 elementor-align-left elementor-widget elementor-widget-button\" data-id=\"8042729\" data-element_type=\"widget\" data-widget_type=\"button.default\">\n\t\t\t\t<div class=\"elementor-widget-container\">\n\t\t\t\t\t<div class=\"elementor-button-wrapper\">\n\t\t\t<a class=\"elementor-button elementor-button-link elementor-size-lg elementor-animation-float\" href=\"https:\/\/www.steam4girls.com\/tr\/escape-games\/\">\n\t\t\t\t\t\t<span class=\"elementor-button-content-wrapper\">\n\t\t\t\t\t\t\t\t\t<span class=\"elementor-button-text\">G\u00f6r\u00fc\u015f<\/span>\n\t\t\t\t\t<\/span>\n\t\t\t\t\t<\/a>\n\t\t<\/div>\n\t\t\t\t<\/div>\n\t\t\t\t<\/div>\n\t\t\t\t<\/div>\n\t\t\t\t\t<\/div>\n\t\t\t\t<\/div>\n\t\t\t\t\t\t\t\t<\/div>\n\t\t\t\t\t\t\t\t\t\t\t<div class=\"swiper-slide\" data-slide=\"3\" role=\"group\" aria-roledescription=\"slide\" aria-label=\"3 of 3\">\n\t\t\t\t\t\t\t<div class=\"wd-negative-gap elementor-element elementor-element-cede1b8 e-flex e-con-boxed e-con e-child\" data-id=\"cede1b8\" data-element_type=\"container\">\n\t\t\t\t\t<div class=\"e-con-inner\">\n\t\t<div class=\"elementor-element elementor-element-27d902d e-con-full e-flex e-con e-child\" data-id=\"27d902d\" data-element_type=\"container\" data-settings=\"{&quot;background_background&quot;:&quot;classic&quot;}\">\n\t\t<div class=\"elementor-element elementor-element-f5aa883 e-con-full e-flex e-con e-child\" data-id=\"f5aa883\" data-element_type=\"container\" data-settings=\"{&quot;background_background&quot;:&quot;classic&quot;}\">\n\t\t\t\t<div class=\"elementor-element elementor-element-e132206 elementor-view-default elementor-widget elementor-widget-icon\" data-id=\"e132206\" data-element_type=\"widget\" data-widget_type=\"icon.default\">\n\t\t\t\t<div class=\"elementor-widget-container\">\n\t\t\t\t\t<div class=\"elementor-icon-wrapper\">\n\t\t\t<div class=\"elementor-icon\">\n\t\t\t<svg aria-hidden=\"true\" class=\"e-font-icon-svg e-far-file-alt\" viewBox=\"0 0 384 512\" xmlns=\"http:\/\/www.w3.org\/2000\/svg\"><path d=\"M288 248v28c0 6.6-5.4 12-12 12H108c-6.6 0-12-5.4-12-12v-28c0-6.6 5.4-12 12-12h168c6.6 0 12 5.4 12 12zm-12 72H108c-6.6 0-12 5.4-12 12v28c0 6.6 5.4 12 12 12h168c6.6 0 12-5.4 12-12v-28c0-6.6-5.4-12-12-12zm108-188.1V464c0 26.5-21.5 48-48 48H48c-26.5 0-48-21.5-48-48V48C0 21.5 21.5 0 48 0h204.1C264.8 0 277 5.1 286 14.1L369.9 98c9 8.9 14.1 21.2 14.1 33.9zm-128-80V128h76.1L256 51.9zM336 464V176H232c-13.3 0-24-10.7-24-24V48H48v416h288z\"><\/path><\/svg>\t\t\t<\/div>\n\t\t<\/div>\n\t\t\t\t<\/div>\n\t\t\t\t<\/div>\n\t\t\t\t<div class=\"elementor-element elementor-element-4a3bcab elementor-widget elementor-widget-heading\" data-id=\"4a3bcab\" data-element_type=\"widget\" data-widget_type=\"heading.default\">\n\t\t\t\t<div class=\"elementor-widget-container\">\n\t\t\t<h2 class=\"elementor-heading-title elementor-size-default\">\u0130nfografikler<\/h2>\t\t<\/div>\n\t\t\t\t<\/div>\n\t\t\t\t<div class=\"elementor-element elementor-element-9b32fe6 elementor-widget elementor-widget-heading\" data-id=\"9b32fe6\" data-element_type=\"widget\" data-widget_type=\"heading.default\">\n\t\t\t\t<div class=\"elementor-widget-container\">\n\t\t\t<h2 class=\"elementor-heading-title elementor-size-default\">Canl\u0131 infografiklerimiz arac\u0131l\u0131\u011f\u0131yla bilimdeki kad\u0131nlar\u0131n ve k\u0131zlar\u0131n gizli hikayelerini a\u00e7\u0131\u011fa \u00e7\u0131kar\u0131n!<\/h2>\t\t<\/div>\n\t\t\t\t<\/div>\n\t\t\t\t<div class=\"elementor-element elementor-element-3f4df5d elementor-align-left elementor-widget elementor-widget-button\" data-id=\"3f4df5d\" data-element_type=\"widget\" data-widget_type=\"button.default\">\n\t\t\t\t<div class=\"elementor-widget-container\">\n\t\t\t\t\t<div class=\"elementor-button-wrapper\">\n\t\t\t<a class=\"elementor-button elementor-button-link elementor-size-lg elementor-animation-float\" href=\"https:\/\/www.steam4girls.com\/tr\/infographics\/\">\n\t\t\t\t\t\t<span class=\"elementor-button-content-wrapper\">\n\t\t\t\t\t\t\t\t\t<span class=\"elementor-button-text\">G\u00f6r\u00fc\u015f<\/span>\n\t\t\t\t\t<\/span>\n\t\t\t\t\t<\/a>\n\t\t<\/div>\n\t\t\t\t<\/div>\n\t\t\t\t<\/div>\n\t\t\t\t<\/div>\n\t\t\t\t<\/div>\n\t\t\t\t\t<\/div>\n\t\t\t\t<\/div>\n\t\t\t\t\t\t\t\t<\/div>\n\t\t\t\t\t\t\t\t<\/div>\n\t\t<\/div>\n\t\t\t\t\t<div class=\"swiper-pagination\"><\/div>\n\t\t\t\t<\/div>\n\t\t\t\t<\/div>\n\t\t\t\t\t<link rel=\"stylesheet\" id=\"wd-mod-animations-keyframes-css\" href=\"https:\/\/www.steam4girls.com\/tr\/wp-content\/themes\/woodmart\/css\/parts\/mod-animations-keyframes.min.css?ver=7.5.1\" type=\"text\/css\" media=\"all\" \/> \t\t\t\t\t<div class=\"elementor-element elementor-element-e8e62c9 elementor-align-center elementor-invisible elementor-widget elementor-widget-button\" data-id=\"e8e62c9\" data-element_type=\"widget\" data-settings=\"{&quot;_animation&quot;:&quot;slideInDown&quot;}\" data-widget_type=\"button.default\">\n\t\t\t\t<div class=\"elementor-widget-container\">\n\t\t\t\t\t<div class=\"elementor-button-wrapper\">\n\t\t\t<a class=\"elementor-button elementor-button-link elementor-size-lg elementor-animation-float\" href=\"https:\/\/www.steam4girls.com\/tr\/project-results\/\">\n\t\t\t\t\t\t<span class=\"elementor-button-content-wrapper\">\n\t\t\t\t\t\t\t\t\t<span class=\"elementor-button-text\">Daha<\/span>\n\t\t\t\t\t<\/span>\n\t\t\t\t\t<\/a>\n\t\t<\/div>\n\t\t\t\t<\/div>\n\t\t\t\t<\/div>\n\t\t\t\t<\/div>\n\t\t\t\t\t<\/div>\n\t\t\t\t<\/div>\n\t\t\t\t<\/div>\n\t\t","protected":false},"excerpt":{"rendered":"<p>Proje hakk\u0131nda Steam4Girls, okul e\u011fitimi alan\u0131nda, temel hedefi \u00e7a\u011fr\u0131n\u0131n kendisi olan bir projedir: bu durumda, 12 ile 18 ya\u015f aras\u0131ndaki<\/p>\n","protected":false},"author":1,"featured_media":0,"parent":0,"menu_order":0,"comment_status":"closed","ping_status":"closed","template":"","meta":{"footnotes":""},"class_list":["post-84","page","type-page","status-publish","hentry"],"_links":{"self":[{"href":"https:\/\/www.steam4girls.com\/tr\/wp-json\/wp\/v2\/pages\/84","targetHints":{"allow":["GET"]}}],"collection":[{"href":"https:\/\/www.steam4girls.com\/tr\/wp-json\/wp\/v2\/pages"}],"about":[{"href":"https:\/\/www.steam4girls.com\/tr\/wp-json\/wp\/v2\/types\/page"}],"author":[{"embeddable":true,"href":"https:\/\/www.steam4girls.com\/tr\/wp-json\/wp\/v2\/users\/1"}],"replies":[{"embeddable":true,"href":"https:\/\/www.steam4girls.com\/tr\/wp-json\/wp\/v2\/comments?post=84"}],"version-history":[{"count":20,"href":"https:\/\/www.steam4girls.com\/tr\/wp-json\/wp\/v2\/pages\/84\/revisions"}],"predecessor-version":[{"id":549,"href":"https:\/\/www.steam4girls.com\/tr\/wp-json\/wp\/v2\/pages\/84\/revisions\/549"}],"wp:attachment":[{"href":"https:\/\/www.steam4girls.com\/tr\/wp-json\/wp\/v2\/media?parent=84"}],"curies":[{"name":"wp","href":"https:\/\/api.w.org\/{rel}","templated":true}]}}