{"id":360,"date":"2024-05-07T11:58:37","date_gmt":"2024-05-07T09:58:37","guid":{"rendered":"https:\/\/www.steam4girls.com\/tr\/?page_id=360"},"modified":"2024-10-18T12:25:17","modified_gmt":"2024-10-18T10:25:17","slug":"videos","status":"publish","type":"page","link":"https:\/\/www.steam4girls.com\/tr\/videos\/","title":{"rendered":"Videolar"},"content":{"rendered":"\t\t<div data-elementor-type=\"wp-page\" data-elementor-id=\"360\" class=\"elementor elementor-360\" data-elementor-post-type=\"page\">\n\t\t\t\t<div class=\"wd-negative-gap elementor-element elementor-element-7d85847 wd-section-stretch e-flex e-con-boxed e-con e-parent\" data-id=\"7d85847\" data-element_type=\"container\" data-settings=\"{&quot;background_background&quot;:&quot;classic&quot;}\">\n\t\t\t\t\t<div class=\"e-con-inner\">\n\t\t<div class=\"wd-negative-gap elementor-element elementor-element-9981b2f e-flex e-con-boxed e-con e-child\" data-id=\"9981b2f\" data-element_type=\"container\" data-settings=\"{&quot;background_background&quot;:&quot;classic&quot;}\">\n\t\t\t\t\t<div class=\"e-con-inner\">\n\t\t\t\t<div class=\"elementor-element elementor-element-d6e2186 elementor-widget__width-initial elementor-widget elementor-widget-heading\" data-id=\"d6e2186\" data-element_type=\"widget\" data-widget_type=\"heading.default\">\n\t\t\t\t<div class=\"elementor-widget-container\">\n\t\t\t<h2 class=\"elementor-heading-title elementor-size-default\">Videolar<\/h2>\t\t<\/div>\n\t\t\t\t<\/div>\n\t\t\t\t<div class=\"elementor-element elementor-element-d9f12bc elementor-widget elementor-widget-heading\" data-id=\"d9f12bc\" data-element_type=\"widget\" data-widget_type=\"heading.default\">\n\t\t\t\t<div class=\"elementor-widget-container\">\n\t\t\t<h2 class=\"elementor-heading-title elementor-size-default\">Dinamik video serimiz arac\u0131l\u0131\u011f\u0131yla bilimdeki kad\u0131nlar\u0131 kutlayan b\u00fcy\u00fcleyici bir g\u00f6rsel yolculu\u011fa kat\u0131l\u0131n! Kad\u0131n bilim adamlar\u0131n\u0131n ola\u011fan\u00fcst\u00fc katk\u0131lar\u0131na \u0131\u015f\u0131k tutarken, onlar\u0131n ilham verici hikayelerini ve \u00e7\u0131\u011f\u0131r a\u00e7an ba\u015far\u0131lar\u0131n\u0131 a\u00e7\u0131\u011fa \u00e7\u0131kar\u0131rken bize kat\u0131l\u0131n. Heyecan verici deneylerden bilgilendirici r\u00f6portajlara kadar videolar\u0131m\u0131z, yenili\u011fin s\u0131n\u0131r tan\u0131mad\u0131\u011f\u0131 bir d\u00fcnyaya a\u00e7\u0131lan penceredir. \u0130ster merakl\u0131 bir zihin olun ister STEM'de cinsiyet e\u015fitli\u011finin tutkulu bir savunucusu olun, videolar\u0131m\u0131z hayal g\u00fcc\u00fcn\u00fcz\u00fc ate\u015flemek ve de\u011fi\u015fimi g\u00fc\u00e7lendirmek i\u00e7in burada. Bilimde kad\u0131nlar\u0131n sesini birlikte y\u00fckseltelim!<\/h2>\t\t<\/div>\n\t\t\t\t<\/div>\n\t\t\t\t\t<\/div>\n\t\t\t\t<\/div>\n\t\t<div class=\"wd-negative-gap elementor-element elementor-element-81cb5cf e-flex e-con-boxed e-con e-child\" data-id=\"81cb5cf\" data-element_type=\"container\">\n\t\t\t\t\t<div class=\"e-con-inner\">\n\t\t\t\t<div class=\"elementor-element elementor-element-437739f elementor-widget elementor-widget-video\" data-id=\"437739f\" data-element_type=\"widget\" data-settings=\"{&quot;video_type&quot;:&quot;hosted&quot;,&quot;controls&quot;:&quot;yes&quot;}\" data-widget_type=\"video.default\">\n\t\t\t\t<div class=\"elementor-widget-container\">\n\t\t\t\t\t<div class=\"e-hosted-video elementor-wrapper elementor-open-inline\">\n\t\t\t\t\t<video class=\"elementor-video\" src=\"https:\/\/www.steam4girls.com\/tr\/wp-content\/uploads\/2024\/10\/SCIENCE.mp4\" controls=\"\" preload=\"auto\" controlsList=\"nodownload\"><\/video>\n\t\t\t\t<\/div>\n\t\t\t\t<\/div>\n\t\t\t\t<\/div>\n\t\t\t\t<div class=\"elementor-element elementor-element-282ca2d elementor-widget elementor-widget-video\" data-id=\"282ca2d\" data-element_type=\"widget\" data-settings=\"{&quot;video_type&quot;:&quot;hosted&quot;,&quot;controls&quot;:&quot;yes&quot;}\" data-widget_type=\"video.default\">\n\t\t\t\t<div class=\"elementor-widget-container\">\n\t\t\t\t\t<div class=\"e-hosted-video elementor-wrapper elementor-open-inline\">\n\t\t\t\t\t<video class=\"elementor-video\" src=\"https:\/\/www.steam4girls.com\/tr\/wp-content\/uploads\/2024\/10\/TECHNOLOGY.mp4\" controls=\"\" preload=\"auto\" controlsList=\"nodownload\"><\/video>\n\t\t\t\t<\/div>\n\t\t\t\t<\/div>\n\t\t\t\t<\/div>\n\t\t\t\t\t<\/div>\n\t\t\t\t<\/div>\n\t\t<div class=\"wd-negative-gap elementor-element elementor-element-b546e07 e-flex e-con-boxed e-con e-child\" data-id=\"b546e07\" data-element_type=\"container\">\n\t\t\t\t\t<div class=\"e-con-inner\">\n\t\t\t\t<div class=\"elementor-element elementor-element-1930f93 elementor-widget elementor-widget-video\" data-id=\"1930f93\" data-element_type=\"widget\" data-settings=\"{&quot;video_type&quot;:&quot;hosted&quot;,&quot;controls&quot;:&quot;yes&quot;}\" data-widget_type=\"video.default\">\n\t\t\t\t<div class=\"elementor-widget-container\">\n\t\t\t\t\t<div class=\"e-hosted-video elementor-wrapper elementor-open-inline\">\n\t\t\t\t\t<video class=\"elementor-video\" src=\"https:\/\/www.steam4girls.com\/tr\/wp-content\/uploads\/2024\/10\/ENGINEERING.mp4\" controls=\"\" preload=\"auto\" controlsList=\"nodownload\"><\/video>\n\t\t\t\t<\/div>\n\t\t\t\t<\/div>\n\t\t\t\t<\/div>\n\t\t\t\t<div class=\"elementor-element elementor-element-bec9a42 elementor-widget elementor-widget-video\" data-id=\"bec9a42\" data-element_type=\"widget\" data-settings=\"{&quot;video_type&quot;:&quot;hosted&quot;,&quot;controls&quot;:&quot;yes&quot;}\" data-widget_type=\"video.default\">\n\t\t\t\t<div class=\"elementor-widget-container\">\n\t\t\t\t\t<div class=\"e-hosted-video elementor-wrapper elementor-open-inline\">\n\t\t\t\t\t<video class=\"elementor-video\" src=\"https:\/\/www.steam4girls.com\/tr\/wp-content\/uploads\/2024\/10\/MATH.mp4\" controls=\"\" preload=\"auto\" controlsList=\"nodownload\"><\/video>\n\t\t\t\t<\/div>\n\t\t\t\t<\/div>\n\t\t\t\t<\/div>\n\t\t\t\t<div class=\"elementor-element elementor-element-e786b2d elementor-widget elementor-widget-video\" data-id=\"e786b2d\" data-element_type=\"widget\" data-settings=\"{&quot;video_type&quot;:&quot;hosted&quot;,&quot;controls&quot;:&quot;yes&quot;}\" data-widget_type=\"video.default\">\n\t\t\t\t<div class=\"elementor-widget-container\">\n\t\t\t\t\t<div class=\"e-hosted-video elementor-wrapper elementor-open-inline\">\n\t\t\t\t\t<video class=\"elementor-video\" src=\"https:\/\/www.steam4girls.com\/tr\/wp-content\/uploads\/2024\/10\/ART.mp4\" controls=\"\" preload=\"auto\" controlsList=\"nodownload\"><\/video>\n\t\t\t\t<\/div>\n\t\t\t\t<\/div>\n\t\t\t\t<\/div>\n\t\t\t\t\t<\/div>\n\t\t\t\t<\/div>\n\t\t\t\t\t<\/div>\n\t\t\t\t<\/div>\n\t\t\t\t<\/div>\n\t\t","protected":false},"excerpt":{"rendered":"<p>Videolar Dinamik video serimiz arac\u0131l\u0131\u011f\u0131yla bilimdeki kad\u0131nlar\u0131 kutlayan b\u00fcy\u00fcleyici bir g\u00f6rsel yolculu\u011fa kat\u0131l\u0131n! Kad\u0131n bilim adamlar\u0131n\u0131n ola\u011fan\u00fcst\u00fc katk\u0131lar\u0131na \u0131\u015f\u0131k tutarken,<\/p>\n","protected":false},"author":1,"featured_media":0,"parent":0,"menu_order":0,"comment_status":"closed","ping_status":"closed","template":"","meta":{"footnotes":""},"class_list":["post-360","page","type-page","status-publish","hentry"],"_links":{"self":[{"href":"https:\/\/www.steam4girls.com\/tr\/wp-json\/wp\/v2\/pages\/360","targetHints":{"allow":["GET"]}}],"collection":[{"href":"https:\/\/www.steam4girls.com\/tr\/wp-json\/wp\/v2\/pages"}],"about":[{"href":"https:\/\/www.steam4girls.com\/tr\/wp-json\/wp\/v2\/types\/page"}],"author":[{"embeddable":true,"href":"https:\/\/www.steam4girls.com\/tr\/wp-json\/wp\/v2\/users\/1"}],"replies":[{"embeddable":true,"href":"https:\/\/www.steam4girls.com\/tr\/wp-json\/wp\/v2\/comments?post=360"}],"version-history":[{"count":27,"href":"https:\/\/www.steam4girls.com\/tr\/wp-json\/wp\/v2\/pages\/360\/revisions"}],"predecessor-version":[{"id":561,"href":"https:\/\/www.steam4girls.com\/tr\/wp-json\/wp\/v2\/pages\/360\/revisions\/561"}],"wp:attachment":[{"href":"https:\/\/www.steam4girls.com\/tr\/wp-json\/wp\/v2\/media?parent=360"}],"curies":[{"name":"wp","href":"https:\/\/api.w.org\/{rel}","templated":true}]}}