{"id":302,"date":"2024-05-07T09:12:47","date_gmt":"2024-05-07T07:12:47","guid":{"rendered":"https:\/\/www.steam4girls.com\/tr\/?page_id=302"},"modified":"2025-03-06T12:47:15","modified_gmt":"2025-03-06T11:47:15","slug":"good-practice","status":"publish","type":"page","link":"https:\/\/www.steam4girls.com\/tr\/good-practice\/","title":{"rendered":"\u0130yi uygulama"},"content":{"rendered":"\t\t<div data-elementor-type=\"wp-page\" data-elementor-id=\"302\" class=\"elementor elementor-302\" data-elementor-post-type=\"page\">\n\t\t\t\t<div class=\"wd-negative-gap elementor-element elementor-element-7d85847 wd-section-stretch e-flex e-con-boxed e-con e-parent\" data-id=\"7d85847\" data-element_type=\"container\" data-settings=\"{&quot;background_background&quot;:&quot;classic&quot;}\">\n\t\t\t\t\t<div class=\"e-con-inner\">\n\t\t<div class=\"wd-negative-gap elementor-element elementor-element-9981b2f e-flex e-con-boxed e-con e-child\" data-id=\"9981b2f\" data-element_type=\"container\" data-settings=\"{&quot;background_background&quot;:&quot;classic&quot;}\">\n\t\t\t\t\t<div class=\"e-con-inner\">\n\t\t\t\t<div class=\"elementor-element elementor-element-d6e2186 elementor-widget__width-initial elementor-widget elementor-widget-heading\" data-id=\"d6e2186\" data-element_type=\"widget\" data-widget_type=\"heading.default\">\n\t\t\t\t<div class=\"elementor-widget-container\">\n\t\t\t<h2 class=\"elementor-heading-title elementor-size-default\">\u0130yi uygulamalar k\u0131lavuzu<\/h2>\t\t<\/div>\n\t\t\t\t<\/div>\n\t\t\t\t<div class=\"elementor-element elementor-element-d9f12bc elementor-widget elementor-widget-heading\" data-id=\"d9f12bc\" data-element_type=\"widget\" data-widget_type=\"heading.default\">\n\t\t\t\t<div class=\"elementor-widget-container\">\n\t\t\t<h2 class=\"elementor-heading-title elementor-size-default\">En iyi uygulamalardan olu\u015fan \u00f6zenle se\u00e7ilmi\u015f koleksiyonumuzla ba\u015far\u0131n\u0131n s\u0131rlar\u0131n\u0131 a\u00e7\u0131\u011fa \u00e7\u0131kar\u0131n! Modern d\u00fc\u015f\u00fcn\u00fcrler i\u00e7in \u00f6zel olarak haz\u0131rlanan belgelerimiz, \u00e7e\u015fitli alanlarda ba\u015far\u0131l\u0131 olman\u0131z\u0131 sa\u011flayacak pratik bilgiler ve uzman ipu\u00e7lar\u0131 sunar. \u0130ster yeni yeti\u015fen bir giri\u015fimci, ister deneyimli bir profesyonel olun, becerilerinizi geli\u015ftirmek ve etkinizi art\u0131rmak i\u00e7in tasarlanm\u0131\u015f bir bilgi hazinesine dal\u0131n. Her en iyi uygulama belgesinin m\u00fckemmelli\u011fe do\u011fru bir basamak oldu\u011fu s\u00fcrekli iyile\u015ftirme yolculu\u011funa \u00e7\u0131kal\u0131m!<\/h2>\t\t<\/div>\n\t\t\t\t<\/div>\n\t\t\t\t\t<link rel=\"stylesheet\" id=\"wd-mod-animations-keyframes-css\" href=\"https:\/\/www.steam4girls.com\/tr\/wp-content\/themes\/woodmart\/css\/parts\/mod-animations-keyframes.min.css?ver=7.5.1\" type=\"text\/css\" media=\"all\" \/> \t\t\t\t\t<div class=\"elementor-element elementor-element-2e7a43f animated-slow elementor-invisible elementor-widget elementor-widget-button\" data-id=\"2e7a43f\" data-element_type=\"widget\" data-settings=\"{&quot;_animation&quot;:&quot;fadeInRight&quot;,&quot;_animation_delay&quot;:100}\" data-widget_type=\"button.default\">\n\t\t\t\t<div class=\"elementor-widget-container\">\n\t\t\t\t\t<div class=\"elementor-button-wrapper\">\n\t\t\t<a class=\"elementor-button elementor-button-link elementor-size-lg elementor-animation-float\" href=\"https:\/\/www.steam4girls.com\/es\/wp-content\/uploads\/2025\/03\/MANUAL_OF_GOOD_PRACTICES_TR.pdf\">\n\t\t\t\t\t\t<span class=\"elementor-button-content-wrapper\">\n\t\t\t\t\t\t<span class=\"elementor-button-icon\">\n\t\t\t\t<svg aria-hidden=\"true\" class=\"e-font-icon-svg e-fas-download\" viewBox=\"0 0 512 512\" xmlns=\"http:\/\/www.w3.org\/2000\/svg\"><path d=\"M216 0h80c13.3 0 24 10.7 24 24v168h87.7c17.8 0 26.7 21.5 14.1 34.1L269.7 378.3c-7.5 7.5-19.8 7.5-27.3 0L90.1 226.1c-12.6-12.6-3.7-34.1 14.1-34.1H192V24c0-13.3 10.7-24 24-24zm296 376v112c0 13.3-10.7 24-24 24H24c-13.3 0-24-10.7-24-24V376c0-13.3 10.7-24 24-24h146.7l49 49c20.1 20.1 52.5 20.1 72.6 0l49-49H488c13.3 0 24 10.7 24 24zm-124 88c0-11-9-20-20-20s-20 9-20 20 9 20 20 20 20-9 20-20zm64 0c0-11-9-20-20-20s-20 9-20 20 9 20 20 20 20-9 20-20z\"><\/path><\/svg>\t\t\t<\/span>\n\t\t\t\t\t\t\t\t\t<span class=\"elementor-button-text\">Manuel<\/span>\n\t\t\t\t\t<\/span>\n\t\t\t\t\t<\/a>\n\t\t<\/div>\n\t\t\t\t<\/div>\n\t\t\t\t<\/div>\n\t\t\t\t\t<\/div>\n\t\t\t\t<\/div>\n\t\t\t\t\t<\/div>\n\t\t\t\t<\/div>\n\t\t\t\t<\/div>\n\t\t","protected":false},"excerpt":{"rendered":"<p>\u0130yi uygulamalar k\u0131lavuzu En iyi uygulamalardan olu\u015fan \u00f6zenle se\u00e7ilmi\u015f koleksiyonumuzla ba\u015far\u0131n\u0131n s\u0131rlar\u0131n\u0131 a\u00e7\u0131\u011fa \u00e7\u0131kar\u0131n! Modern d\u00fc\u015f\u00fcn\u00fcrler i\u00e7in \u00f6zel olarak haz\u0131rlanan<\/p>\n","protected":false},"author":1,"featured_media":0,"parent":0,"menu_order":0,"comment_status":"closed","ping_status":"closed","template":"","meta":{"footnotes":""},"class_list":["post-302","page","type-page","status-publish","hentry"],"_links":{"self":[{"href":"https:\/\/www.steam4girls.com\/tr\/wp-json\/wp\/v2\/pages\/302","targetHints":{"allow":["GET"]}}],"collection":[{"href":"https:\/\/www.steam4girls.com\/tr\/wp-json\/wp\/v2\/pages"}],"about":[{"href":"https:\/\/www.steam4girls.com\/tr\/wp-json\/wp\/v2\/types\/page"}],"author":[{"embeddable":true,"href":"https:\/\/www.steam4girls.com\/tr\/wp-json\/wp\/v2\/users\/1"}],"replies":[{"embeddable":true,"href":"https:\/\/www.steam4girls.com\/tr\/wp-json\/wp\/v2\/comments?post=302"}],"version-history":[{"count":20,"href":"https:\/\/www.steam4girls.com\/tr\/wp-json\/wp\/v2\/pages\/302\/revisions"}],"predecessor-version":[{"id":600,"href":"https:\/\/www.steam4girls.com\/tr\/wp-json\/wp\/v2\/pages\/302\/revisions\/600"}],"wp:attachment":[{"href":"https:\/\/www.steam4girls.com\/tr\/wp-json\/wp\/v2\/media?parent=302"}],"curies":[{"name":"wp","href":"https:\/\/api.w.org\/{rel}","templated":true}]}}